{"id":21,"date":"2023-07-04T15:25:19","date_gmt":"2023-07-04T15:25:19","guid":{"rendered":"https:\/\/extrepvc.com\/?page_id=21"},"modified":"2023-11-13T17:56:38","modified_gmt":"2023-11-13T15:56:38","slug":"somos","status":"publish","type":"page","link":"https:\/\/extrepvc.com\/index.php\/somos\/","title":{"rendered":"Somos"},"content":{"rendered":"\t\t<div data-elementor-type=\"wp-page\" data-elementor-id=\"21\" class=\"elementor elementor-21\">\n\t\t\t\t\t\t<section class=\"elementor-section elementor-top-section elementor-element elementor-element-9702b01 elementor-section-boxed elementor-section-height-default elementor-section-height-default\" data-id=\"9702b01\" data-element_type=\"section\" data-e-type=\"section\">\n\t\t\t\t\t\t<div class=\"elementor-container elementor-column-gap-default\">\n\t\t\t\t\t<div class=\"elementor-column elementor-col-50 elementor-top-column elementor-element elementor-element-9c44b3b\" data-id=\"9c44b3b\" data-element_type=\"column\" data-e-type=\"column\">\n\t\t\t<div class=\"elementor-widget-wrap elementor-element-populated\">\n\t\t\t\t\t\t<div class=\"elementor-element elementor-element-4fe9d6d elementor-widget elementor-widget-text-editor\" data-id=\"4fe9d6d\" data-element_type=\"widget\" data-e-type=\"widget\" data-widget_type=\"text-editor.default\">\n\t\t\t\t<div class=\"elementor-widget-container\">\n\t\t\t\t\t\t\t\t\t<h2><b><i>Somos una empresa joven con amplia experiencia en el sector.<\/i><\/b><\/h2>\n<div><b><i>&nbsp;<\/i><\/b><\/div>\n<p><\/p>\n<p>En 2013 se crea ExtrePVC, y desde entonces ha ayudado a sus clientes mediante una gama de productos a la medida. Tras estos a\u00f1os en la industria hemos ampliado nuestra oferta para garantizar a nuestros clientes siempre la mejor experiencia.<\/p>\n<p>Este \u00e9xito nos ha permitido llegar a otras latitudes y en cada una fortalecer nuestra reputaci\u00f3n. Nuestra ventaja radica en el empe\u00f1o que ponemos en ofrecer los mejores servicios, los mejores productos siempre priorizando el mercado nacional. P\u00f3ngase en contacto y conozca m\u00e1s.<\/p>\t\t\t\t\t\t\t\t<\/div>\n\t\t\t\t<\/div>\n\t\t\t\t\t<\/div>\n\t\t<\/div>\n\t\t\t\t<div class=\"elementor-column elementor-col-50 elementor-top-column elementor-element elementor-element-45e21cc\" data-id=\"45e21cc\" data-element_type=\"column\" data-e-type=\"column\">\n\t\t\t<div class=\"elementor-widget-wrap elementor-element-populated\">\n\t\t\t\t\t\t<div class=\"elementor-element elementor-element-6c4f68f elementor-widget elementor-widget-image\" data-id=\"6c4f68f\" data-element_type=\"widget\" data-e-type=\"widget\" data-widget_type=\"image.default\">\n\t\t\t\t<div class=\"elementor-widget-container\">\n\t\t\t\t\t\t\t\t\t\t\t\t\t\t\t<img fetchpriority=\"high\" decoding=\"async\" width=\"1024\" height=\"768\" src=\"https:\/\/extrepvc.com\/wp-content\/uploads\/2023\/07\/IMG-20221031-WA0083-1024x768.jpg\" class=\"attachment-large size-large wp-image-59\" alt=\"\" srcset=\"https:\/\/extrepvc.com\/wp-content\/uploads\/2023\/07\/IMG-20221031-WA0083-1024x768.jpg 1024w, https:\/\/extrepvc.com\/wp-content\/uploads\/2023\/07\/IMG-20221031-WA0083-300x225.jpg 300w, https:\/\/extrepvc.com\/wp-content\/uploads\/2023\/07\/IMG-20221031-WA0083-768x576.jpg 768w, https:\/\/extrepvc.com\/wp-content\/uploads\/2023\/07\/IMG-20221031-WA0083-1536x1152.jpg 1536w, https:\/\/extrepvc.com\/wp-content\/uploads\/2023\/07\/IMG-20221031-WA0083.jpg 2000w\" sizes=\"(max-width: 1024px) 100vw, 1024px\" \/>\t\t\t\t\t\t\t\t\t\t\t\t\t\t\t<\/div>\n\t\t\t\t<\/div>\n\t\t\t\t\t<\/div>\n\t\t<\/div>\n\t\t\t\t\t<\/div>\n\t\t<\/section>\n\t\t\t\t<section class=\"elementor-section elementor-top-section elementor-element elementor-element-3470380 elementor-section-boxed elementor-section-height-default elementor-section-height-default\" data-id=\"3470380\" data-element_type=\"section\" data-e-type=\"section\">\n\t\t\t\t\t\t<div class=\"elementor-container elementor-column-gap-default\">\n\t\t\t\t\t<div class=\"elementor-column elementor-col-100 elementor-top-column elementor-element elementor-element-2c9414a\" data-id=\"2c9414a\" data-element_type=\"column\" data-e-type=\"column\">\n\t\t\t<div class=\"elementor-widget-wrap elementor-element-populated\">\n\t\t\t\t\t\t<div class=\"elementor-element elementor-element-c7a2032 elementor-widget elementor-widget-spacer\" data-id=\"c7a2032\" data-element_type=\"widget\" data-e-type=\"widget\" data-widget_type=\"spacer.default\">\n\t\t\t\t<div class=\"elementor-widget-container\">\n\t\t\t\t\t\t\t<div class=\"elementor-spacer\">\n\t\t\t<div class=\"elementor-spacer-inner\"><\/div>\n\t\t<\/div>\n\t\t\t\t\t\t<\/div>\n\t\t\t\t<\/div>\n\t\t\t\t\t<\/div>\n\t\t<\/div>\n\t\t\t\t\t<\/div>\n\t\t<\/section>\n\t\t\t\t<section class=\"elementor-section elementor-top-section elementor-element elementor-element-3e491ee elementor-section-boxed elementor-section-height-default elementor-section-height-default\" data-id=\"3e491ee\" data-element_type=\"section\" data-e-type=\"section\">\n\t\t\t\t\t\t<div class=\"elementor-container elementor-column-gap-default\">\n\t\t\t\t\t<div class=\"elementor-column elementor-col-100 elementor-top-column elementor-element elementor-element-801766f\" data-id=\"801766f\" data-element_type=\"column\" data-e-type=\"column\">\n\t\t\t<div class=\"elementor-widget-wrap elementor-element-populated\">\n\t\t\t\t\t\t<div class=\"elementor-element elementor-element-0c2a36f elementor-widget elementor-widget-text-editor\" data-id=\"0c2a36f\" data-element_type=\"widget\" data-e-type=\"widget\" data-widget_type=\"text-editor.default\">\n\t\t\t\t<div class=\"elementor-widget-container\">\n\t\t\t\t\t\t\t\t\t<h5><strong>TRABAJAMOS CON<\/strong><\/h5>\t\t\t\t\t\t\t\t<\/div>\n\t\t\t\t<\/div>\n\t\t\t\t\t<\/div>\n\t\t<\/div>\n\t\t\t\t\t<\/div>\n\t\t<\/section>\n\t\t\t\t<section class=\"elementor-section elementor-top-section elementor-element elementor-element-5bc5343 elementor-section-boxed elementor-section-height-default elementor-section-height-default\" data-id=\"5bc5343\" data-element_type=\"section\" data-e-type=\"section\">\n\t\t\t\t\t\t<div class=\"elementor-container elementor-column-gap-default\">\n\t\t\t\t\t<div class=\"elementor-column elementor-col-100 elementor-top-column elementor-element elementor-element-d240610\" data-id=\"d240610\" data-element_type=\"column\" data-e-type=\"column\">\n\t\t\t<div class=\"elementor-widget-wrap elementor-element-populated\">\n\t\t\t\t\t\t<div class=\"elementor-element elementor-element-806da85 elementor-widget elementor-widget-image\" data-id=\"806da85\" data-element_type=\"widget\" data-e-type=\"widget\" data-widget_type=\"image.default\">\n\t\t\t\t<div class=\"elementor-widget-container\">\n\t\t\t\t\t\t\t\t\t\t\t\t\t\t\t<img decoding=\"async\" width=\"482\" height=\"104\" src=\"https:\/\/extrepvc.com\/wp-content\/uploads\/2023\/07\/salamander-logo.png\" class=\"attachment-large size-large wp-image-61\" alt=\"\" srcset=\"https:\/\/extrepvc.com\/wp-content\/uploads\/2023\/07\/salamander-logo.png 482w, https:\/\/extrepvc.com\/wp-content\/uploads\/2023\/07\/salamander-logo-300x65.png 300w\" sizes=\"(max-width: 482px) 100vw, 482px\" \/>\t\t\t\t\t\t\t\t\t\t\t\t\t\t\t<\/div>\n\t\t\t\t<\/div>\n\t\t\t\t\t<\/div>\n\t\t<\/div>\n\t\t\t\t\t<\/div>\n\t\t<\/section>\n\t\t\t\t<\/div>\n\t\t","protected":false},"excerpt":{"rendered":"<p>Somos una empresa joven con amplia experiencia en el sector. &nbsp; En 2013 se crea ExtrePVC, y desde entonces ha ayudado a sus clientes mediante una gama de productos a la medida. Tras estos a\u00f1os en la industria hemos ampliado nuestra oferta para garantizar a nuestros clientes siempre la mejor experiencia. Este \u00e9xito nos ha [&hellip;]<\/p>\n","protected":false},"author":1,"featured_media":0,"parent":0,"menu_order":0,"comment_status":"closed","ping_status":"closed","template":"","meta":{"footnotes":""},"class_list":["post-21","page","type-page","status-publish","hentry"],"_links":{"self":[{"href":"https:\/\/extrepvc.com\/index.php\/wp-json\/wp\/v2\/pages\/21","targetHints":{"allow":["GET"]}}],"collection":[{"href":"https:\/\/extrepvc.com\/index.php\/wp-json\/wp\/v2\/pages"}],"about":[{"href":"https:\/\/extrepvc.com\/index.php\/wp-json\/wp\/v2\/types\/page"}],"author":[{"embeddable":true,"href":"https:\/\/extrepvc.com\/index.php\/wp-json\/wp\/v2\/users\/1"}],"replies":[{"embeddable":true,"href":"https:\/\/extrepvc.com\/index.php\/wp-json\/wp\/v2\/comments?post=21"}],"version-history":[{"count":12,"href":"https:\/\/extrepvc.com\/index.php\/wp-json\/wp\/v2\/pages\/21\/revisions"}],"predecessor-version":[{"id":229,"href":"https:\/\/extrepvc.com\/index.php\/wp-json\/wp\/v2\/pages\/21\/revisions\/229"}],"wp:attachment":[{"href":"https:\/\/extrepvc.com\/index.php\/wp-json\/wp\/v2\/media?parent=21"}],"curies":[{"name":"wp","href":"https:\/\/api.w.org\/{rel}","templated":true}]}}